{"id":61,"date":"2019-04-22T13:13:36","date_gmt":"2019-04-22T11:13:36","guid":{"rendered":"http:\/\/maduka.berlin\/?page_id=61"},"modified":"2020-06-10T00:10:49","modified_gmt":"2020-06-09T22:10:49","slug":"reparatur-service","status":"publish","type":"page","link":"https:\/\/timmtronics.de\/sv\/reparatur-service\/","title":{"rendered":"Industri Elektronik Reparation &#038; Tj\u00e4nster"},"content":{"rendered":"<div class=\"wpb-content-wrapper\">[vc_row css_animation=&#8221;bottom-to-top&#8221; css=&#8221;.vc_custom_1555930518764{padding-top: 40px !important;padding-right: 40px !important;padding-bottom: 40px !important;padding-left: 40px !important;background-color: rgba(255,255,255,0.9) !important;*background-color: rgb(255,255,255) !important;}&#8221;][vc_column][vc_column_text]<\/p>\n<h3>Timmtronics har alltid en id\u00e9.<\/h3>\n<p>I v\u00e5r egen verkstad reparerar vi i kundens uppdrag elektroniska verktyg och apparater. Vi \u00e4r specialiserade p\u00e5 servodrivar, frekvensomriktare, n\u00e4tdelar och styrteknik. Vi samarbetar med flera f\u00f6retag f\u00f6r att kunna erbjuda kunden den b\u00e4sta m\u00f6jliga l\u00f6sningen.<\/p>\n<p>Vi jobbar med alla operativsystem, fr\u00e5n MS-DOS, IBM-OS\/2, Linux till MS-Windows.[\/vc_column_text][\/vc_column][\/vc_row][vc_row][vc_column]<\/p>\n<div class=\"hr_gap\" style=\"height:50px;\"><\/div>\n<p>[\/vc_column][\/vc_row]<\/p><\/div>\n","protected":false},"excerpt":{"rendered":"<p>[vc_row css_animation=&#8221;bottom-to-top&#8221; css=&#8221;.vc_custom_1555930518764{padding-top: 40px !important;padding-right: 40px !important;padding-bottom: 40px !important;padding-left: 40px !important;background-color: rgba(255,255,255,0.9) !important;*background-color: rgb(255,255,255) !important;}&#8221;][vc_column][vc_column_text]<br \/>\nTimmtronics har alltid en id\u00e9.<br \/>\nI v\u00e5r egen verkstad reparerar vi i kundens uppdrag elektroniska verktyg och apparater. Vi \u00e4r specialiserade p\u00e5 servodrivar, frekvensomriktare, n\u00e4tdelar och styrteknik. Vi samarbetar med flera f\u00f6retag f\u00f6r att kunna erbjuda kunden den b\u00e4sta m\u00f6jliga l\u00f6sningen.<br \/>\nVi jobbar med alla operativsystem, fr\u00e5n MS-DOS, IBM-OS\/2, Linux till MS-Windows.[\/vc_column_text][\/vc_column][\/vc_row][vc_row][vc_column][\/vc_column][\/vc_row]<\/p>\n","protected":false},"author":1,"featured_media":0,"parent":0,"menu_order":0,"comment_status":"closed","ping_status":"closed","template":"","meta":{"footnotes":""},"class_list":["post-61","page","type-page","status-publish","hentry"],"_links":{"self":[{"href":"https:\/\/timmtronics.de\/sv\/wp-json\/wp\/v2\/pages\/61","targetHints":{"allow":["GET"]}}],"collection":[{"href":"https:\/\/timmtronics.de\/sv\/wp-json\/wp\/v2\/pages"}],"about":[{"href":"https:\/\/timmtronics.de\/sv\/wp-json\/wp\/v2\/types\/page"}],"author":[{"embeddable":true,"href":"https:\/\/timmtronics.de\/sv\/wp-json\/wp\/v2\/users\/1"}],"replies":[{"embeddable":true,"href":"https:\/\/timmtronics.de\/sv\/wp-json\/wp\/v2\/comments?post=61"}],"version-history":[{"count":4,"href":"https:\/\/timmtronics.de\/sv\/wp-json\/wp\/v2\/pages\/61\/revisions"}],"predecessor-version":[{"id":169,"href":"https:\/\/timmtronics.de\/sv\/wp-json\/wp\/v2\/pages\/61\/revisions\/169"}],"wp:attachment":[{"href":"https:\/\/timmtronics.de\/sv\/wp-json\/wp\/v2\/media?parent=61"}],"curies":[{"name":"wp","href":"https:\/\/api.w.org\/{rel}","templated":true}]}}