{"id":54,"date":"2019-04-22T12:51:07","date_gmt":"2019-04-22T10:51:07","guid":{"rendered":"http:\/\/maduka.berlin\/?page_id=54"},"modified":"2019-04-27T00:30:46","modified_gmt":"2019-04-26T22:30:46","slug":"retro-fit","status":"publish","type":"page","link":"https:\/\/timmtronics.de\/sv\/retro-fit\/","title":{"rendered":"Retro Fit"},"content":{"rendered":"<div class=\"wpb-content-wrapper\">[vc_row css_animation=&#8221;bottom-to-top&#8221; css=&#8221;.vc_custom_1555930449965{padding-top: 40px !important;padding-right: 40px !important;padding-bottom: 40px !important;padding-left: 40px !important;background-color: rgba(255,255,255,0.9) !important;*background-color: rgb(255,255,255) !important;}&#8221;][vc_column][vc_column_text]<\/p>\n<h3>Retrofit \u2013 och maskinen \u00e4r som ny.<\/h3>\n<p>\u00c4ven om dyra maskiner har blivit gamla s\u00e5 \u00e4r de inte v\u00e4rdel\u00f6sa. Med en Retrofit byter vi ut hela styrtekniken och skapa genom det f\u00f6ruts\u00e4ttningen f\u00f6r att maskinen kan forts\u00e4tta producera i m\u00e5nga \u00e5r till. F\u00f6r \u00e4ldre maskiner kan det l\u00f6nar sig att uppdatera maskinens styrteknik, om de mekaniska komponenterna fortfarande arbetar tillr\u00e4ckligt noggrant. Med en Retrofit \u00f6kar maskinens kapacitet och tillf\u00f6rlitlighet.[\/vc_column_text][\/vc_column][\/vc_row][vc_row][vc_column]<\/p>\n<div class=\"hr_gap\" style=\"height:50px;\"><\/div>\n<p>[\/vc_column][\/vc_row]<\/p><\/div>\n","protected":false},"excerpt":{"rendered":"<p>[vc_row css_animation=&#8221;bottom-to-top&#8221; css=&#8221;.vc_custom_1555930449965{padding-top: 40px !important;padding-right: 40px !important;padding-bottom: 40px !important;padding-left: 40px !important;background-color: rgba(255,255,255,0.9) !important;*background-color: rgb(255,255,255) !important;}&#8221;][vc_column][vc_column_text]<br \/>\nRetrofit \u2013 och maskinen \u00e4r som ny.<br \/>\n\u00c4ven om dyra maskiner har blivit gamla s\u00e5 \u00e4r de inte v\u00e4rdel\u00f6sa. Med en Retrofit byter vi ut hela styrtekniken och skapa genom det f\u00f6ruts\u00e4ttningen f\u00f6r att maskinen kan forts\u00e4tta producera i m\u00e5nga \u00e5r till. F\u00f6r \u00e4ldre maskiner kan det l\u00f6nar sig att uppdatera maskinens styrteknik, om de mekaniska komponenterna fortfarande arbetar tillr\u00e4ckligt noggrant. Med en Retrofit \u00f6kar &#8230;<\/p>\n","protected":false},"author":1,"featured_media":0,"parent":0,"menu_order":0,"comment_status":"closed","ping_status":"closed","template":"","meta":{"footnotes":""},"class_list":["post-54","page","type-page","status-publish","hentry"],"_links":{"self":[{"href":"https:\/\/timmtronics.de\/sv\/wp-json\/wp\/v2\/pages\/54","targetHints":{"allow":["GET"]}}],"collection":[{"href":"https:\/\/timmtronics.de\/sv\/wp-json\/wp\/v2\/pages"}],"about":[{"href":"https:\/\/timmtronics.de\/sv\/wp-json\/wp\/v2\/types\/page"}],"author":[{"embeddable":true,"href":"https:\/\/timmtronics.de\/sv\/wp-json\/wp\/v2\/users\/1"}],"replies":[{"embeddable":true,"href":"https:\/\/timmtronics.de\/sv\/wp-json\/wp\/v2\/comments?post=54"}],"version-history":[{"count":5,"href":"https:\/\/timmtronics.de\/sv\/wp-json\/wp\/v2\/pages\/54\/revisions"}],"predecessor-version":[{"id":142,"href":"https:\/\/timmtronics.de\/sv\/wp-json\/wp\/v2\/pages\/54\/revisions\/142"}],"wp:attachment":[{"href":"https:\/\/timmtronics.de\/sv\/wp-json\/wp\/v2\/media?parent=54"}],"curies":[{"name":"wp","href":"https:\/\/api.w.org\/{rel}","templated":true}]}}