{"id":34,"date":"2019-04-21T14:43:20","date_gmt":"2019-04-21T12:43:20","guid":{"rendered":"http:\/\/maduka.berlin\/?page_id=34"},"modified":"2020-09-20T23:13:49","modified_gmt":"2020-09-20T21:13:49","slug":"cnc-maschinen","status":"publish","type":"page","link":"https:\/\/timmtronics.de\/sv\/cnc-maschinen\/","title":{"rendered":"CNC-Maskiner-Service"},"content":{"rendered":"<div class=\"wpb-content-wrapper\">[vc_row css_animation=&#8221;bottom-to-top&#8221; css=&#8221;.vc_custom_1555851140967{padding-top: 40px !important;padding-right: 40px !important;padding-bottom: 40px !important;padding-left: 40px !important;background-color: rgba(255,255,255,0.9) !important;*background-color: rgb(255,255,255) !important;}&#8221;][vc_column][vc_column_text]<\/p>\n<h3>F\u00f6r CNC-maskiner g\u00f6r Timmtronics allt.<\/h3>\n<p>Timmtronics erbjuder alla tj\u00e4nster kring CNC-maskiner och deras elektronik och styrteknik \u2013 service och underh\u00e5ll s\u00e5 som f\u00f6rs\u00e4ljning och ackvisition.[\/vc_column_text][\/vc_column][\/vc_row][vc_row][vc_column]<\/p>\n<div class=\"hr_gap\" style=\"height:50px;\"><\/div>\n<p>[\/vc_column][\/vc_row]<\/p><\/div>\n","protected":false},"excerpt":{"rendered":"<p>[vc_row css_animation=&#8221;bottom-to-top&#8221; css=&#8221;.vc_custom_1555851140967{padding-top: 40px !important;padding-right: 40px !important;padding-bottom: 40px !important;padding-left: 40px !important;background-color: rgba(255,255,255,0.9) !important;*background-color: rgb(255,255,255) !important;}&#8221;][vc_column][vc_column_text]<br \/>\nF\u00f6r CNC-maskiner g\u00f6r Timmtronics allt.<br \/>\nTimmtronics erbjuder alla tj\u00e4nster kring CNC-maskiner och deras elektronik och styrteknik \u2013 service och underh\u00e5ll s\u00e5 som f\u00f6rs\u00e4ljning och ackvisition.[\/vc_column_text][\/vc_column][\/vc_row][vc_row][vc_column][\/vc_column][\/vc_row]<\/p>\n","protected":false},"author":1,"featured_media":0,"parent":0,"menu_order":0,"comment_status":"closed","ping_status":"closed","template":"","meta":{"footnotes":""},"class_list":["post-34","page","type-page","status-publish","hentry"],"_links":{"self":[{"href":"https:\/\/timmtronics.de\/sv\/wp-json\/wp\/v2\/pages\/34","targetHints":{"allow":["GET"]}}],"collection":[{"href":"https:\/\/timmtronics.de\/sv\/wp-json\/wp\/v2\/pages"}],"about":[{"href":"https:\/\/timmtronics.de\/sv\/wp-json\/wp\/v2\/types\/page"}],"author":[{"embeddable":true,"href":"https:\/\/timmtronics.de\/sv\/wp-json\/wp\/v2\/users\/1"}],"replies":[{"embeddable":true,"href":"https:\/\/timmtronics.de\/sv\/wp-json\/wp\/v2\/comments?post=34"}],"version-history":[{"count":8,"href":"https:\/\/timmtronics.de\/sv\/wp-json\/wp\/v2\/pages\/34\/revisions"}],"predecessor-version":[{"id":170,"href":"https:\/\/timmtronics.de\/sv\/wp-json\/wp\/v2\/pages\/34\/revisions\/170"}],"wp:attachment":[{"href":"https:\/\/timmtronics.de\/sv\/wp-json\/wp\/v2\/media?parent=34"}],"curies":[{"name":"wp","href":"https:\/\/api.w.org\/{rel}","templated":true}]}}