{"id":29,"date":"2019-04-21T14:22:01","date_gmt":"2019-04-21T12:22:01","guid":{"rendered":"http:\/\/maduka.berlin\/?page_id=29"},"modified":"2019-04-27T00:28:35","modified_gmt":"2019-04-26T22:28:35","slug":"leistungen","status":"publish","type":"page","link":"https:\/\/timmtronics.de\/sv\/leistungen\/","title":{"rendered":"Tj\u00e4nster"},"content":{"rendered":"<div class=\"wpb-content-wrapper\">[vc_row css_animation=&#8221;bottom-to-top&#8221; css=&#8221;.vc_custom_1555927245638{padding-top: 40px !important;padding-right: 40px !important;padding-bottom: 40px !important;padding-left: 40px !important;background-color: rgba(255,255,255,0.9) !important;*background-color: rgb(255,255,255) !important;}&#8221;][vc_column width=&#8221;2\/3&#8243;][vc_column_text]<\/p>\n<h3>\u00d6verblick \u00f6ver alla v\u00e5ra tj\u00e4nster<\/h3>\n<p>&#8211; Service f\u00f6r cnc-maskiner, styr- och driftteknik<br \/>\n&#8211; Flyttning av maskiner och anl\u00e4ggningar, samt inriktning och nivelliering med laser<br \/>\n&#8211; Retrofit: modernisering av maskinens styrteknik<br \/>\n&#8211; Reparationsservice f\u00f6r elektronik<br \/>\n&#8211; Specialist f\u00f6r PLC\/CNC-teknik fr\u00e5n IPC, Kl\u00f6ckner M\u00f6ller, Honeywell, Fanuc och Beckhoff<br \/>\n&#8211; Datorservice fr\u00e5n MS-DOS, IBM-OS\/2 till Windows<br \/>\n&#8211; Reservdelhantering f\u00f6r komponenter inom styr- och driftsteknik<br \/>\n&#8211; Konsulting i fr\u00e5gor som r\u00f6r k\u00f6p, flyttning, optimering, ombyggnad<br \/>\n&#8211; Cooperation i tekniska och f\u00f6rs\u00e4ljningsfr\u00e5gor med f\u00f6retag som vill etablera sig i Tyskland[\/vc_column_text][\/vc_column][vc_column width=&#8221;1\/3&#8243;][vc_single_image image=&#8221;47&#8243; img_size=&#8221;full&#8221;][\/vc_column][\/vc_row]<\/p><\/div>\n","protected":false},"excerpt":{"rendered":"<p>[vc_row css_animation=&#8221;bottom-to-top&#8221; css=&#8221;.vc_custom_1555927245638{padding-top: 40px !important;padding-right: 40px !important;padding-bottom: 40px !important;padding-left: 40px !important;background-color: rgba(255,255,255,0.9) !important;*background-color: rgb(255,255,255) !important;}&#8221;][vc_column width=&#8221;2\/3&#8243;][vc_column_text]<br \/>\n\u00d6verblick \u00f6ver alla v\u00e5ra tj\u00e4nster<br \/>\n&#8211; Service f\u00f6r cnc-maskiner, styr- och driftteknik<br \/>\n&#8211; Flyttning av maskiner och anl\u00e4ggningar, samt inriktning och nivelliering med laser<br \/>\n&#8211; Retrofit: modernisering av maskinens styrteknik<br \/>\n&#8211; Reparationsservice f\u00f6r elektronik<br \/>\n&#8211; Specialist f\u00f6r PLC\/CNC-teknik fr\u00e5n IPC, Kl\u00f6ckner M\u00f6ller, Honeywell, Fanuc och Beckhoff<br \/>\n&#8211; Datorservice fr\u00e5n MS-DOS, IBM-OS\/2 till Windows<br \/>\n&#8211; Reservdelhantering f\u00f6r komponenter inom styr- och driftsteknik<br \/>\n&#8211; Konsulting i &#8230;<\/p>\n","protected":false},"author":1,"featured_media":0,"parent":0,"menu_order":0,"comment_status":"closed","ping_status":"closed","template":"","meta":{"footnotes":""},"class_list":["post-29","page","type-page","status-publish","hentry"],"_links":{"self":[{"href":"https:\/\/timmtronics.de\/sv\/wp-json\/wp\/v2\/pages\/29","targetHints":{"allow":["GET"]}}],"collection":[{"href":"https:\/\/timmtronics.de\/sv\/wp-json\/wp\/v2\/pages"}],"about":[{"href":"https:\/\/timmtronics.de\/sv\/wp-json\/wp\/v2\/types\/page"}],"author":[{"embeddable":true,"href":"https:\/\/timmtronics.de\/sv\/wp-json\/wp\/v2\/users\/1"}],"replies":[{"embeddable":true,"href":"https:\/\/timmtronics.de\/sv\/wp-json\/wp\/v2\/comments?post=29"}],"version-history":[{"count":14,"href":"https:\/\/timmtronics.de\/sv\/wp-json\/wp\/v2\/pages\/29\/revisions"}],"predecessor-version":[{"id":140,"href":"https:\/\/timmtronics.de\/sv\/wp-json\/wp\/v2\/pages\/29\/revisions\/140"}],"wp:attachment":[{"href":"https:\/\/timmtronics.de\/sv\/wp-json\/wp\/v2\/media?parent=29"}],"curies":[{"name":"wp","href":"https:\/\/api.w.org\/{rel}","templated":true}]}}