{"id":2,"date":"2019-04-20T22:14:45","date_gmt":"2019-04-20T20:14:45","guid":{"rendered":"http:\/\/maduka.berlin\/?page_id=2"},"modified":"2020-08-20T13:08:59","modified_gmt":"2020-08-20T11:08:59","slug":"beispiel-seite","status":"publish","type":"page","link":"https:\/\/timmtronics.de\/sv\/","title":{"rendered":"Home"},"content":{"rendered":"<div class=\"wpb-content-wrapper\">[vc_row css_animation=&#8221;bottom-to-top&#8221; css=&#8221;.vc_custom_1555872810169{padding-top: 40px !important;padding-right: 40px !important;padding-bottom: 40px !important;padding-left: 40px !important;background-color: rgba(255,255,255,0.9) !important;*background-color: rgb(255,255,255) !important;}&#8221;][vc_column][vc_column_text]<strong>Ni har ett problem? Vi har l\u00f6sningen<\/strong><\/p>\n<p>V\u00e4llkommen hos experterna f\u00f6r service och underh\u00e5ll av CNC-maskiner och elektronik. Timmtronics k\u00e4nner till strukturen och konstruktionen av maskiner och styrteknik. Tack vare v\u00e5r l\u00e5nga erfarenhet vet vi: det finns inga ol\u00f6sbara problem, det finns bara l\u00f6sningar. Och de hittar vi. Snabbt, efficient och praktikabel.<\/p>\n<p>&nbsp;<\/p>\n<p><strong>Helheten \u00e4r mer \u00e4n summan av delarna.<\/strong><\/p>\n<p>Timmtronics ser maskinen som en helhet. Vi f\u00f6rst\u00e5r styr- och driftstekniken, begriper mekaniken och kan elektroniken. Vi vet exakt varf\u00f6r och n\u00e4r maskinen tar n\u00e4sta steg. Darf\u00f6r kan vi snabbt \u00e5tg\u00e4rda problematiken genom en fels\u00f6kning, allt f\u00f6r att maskinen ska b\u00f6rja producera s\u00e5 fort som m\u00f6jligt igen.<\/p>\n<p>Vi f\u00f6rs\u00f6ker anpassa v\u00e5r service till era tidsf\u00f6nster eller andra krav som ska tas h\u00e4nsyn till.<\/p>\n<p>Vi p\u00e5 Timmtronics arbetar med ett uttalat m\u00e5l; att g\u00f6ra v\u00e5ra kunder n\u00f6jda.<\/p>\n<p>Som partner av flera svenska f\u00f6retag \u00e4r vi medlem i Tysk-Svenska-Handelskammare f\u00f6r att ska kunna h\u00e5lla kontakt till vara kunder och f\u00f6r att bygga ut v\u00e5ra aff\u00e4rskontakter.[\/vc_column_text][\/vc_column][\/vc_row]<\/p><\/div>\n","protected":false},"excerpt":{"rendered":"<p>[vc_row css_animation=&#8221;bottom-to-top&#8221; css=&#8221;.vc_custom_1555872810169{padding-top: 40px !important;padding-right: 40px !important;padding-bottom: 40px !important;padding-left: 40px !important;background-color: rgba(255,255,255,0.9) !important;*background-color: rgb(255,255,255) !important;}&#8221;][vc_column][vc_column_text]Ni har ett problem? Vi har l\u00f6sningen<br \/>\nV\u00e4llkommen hos experterna f\u00f6r service och underh\u00e5ll av CNC-maskiner och elektronik. Timmtronics k\u00e4nner till strukturen och konstruktionen av maskiner och styrteknik. Tack vare v\u00e5r l\u00e5nga erfarenhet vet vi: det finns inga ol\u00f6sbara problem, det finns bara l\u00f6sningar. Och de hittar vi. Snabbt, efficient och praktikabel.<br \/>\n&nbsp;<br \/>\nHelheten \u00e4r mer \u00e4n summan av delarna.<br \/>\nTimmtronics ser maskinen som en helhet. &#8230;<\/p>\n","protected":false},"author":1,"featured_media":0,"parent":0,"menu_order":0,"comment_status":"closed","ping_status":"closed","template":"","meta":{"footnotes":""},"class_list":["post-2","page","type-page","status-publish","hentry"],"_links":{"self":[{"href":"https:\/\/timmtronics.de\/sv\/wp-json\/wp\/v2\/pages\/2","targetHints":{"allow":["GET"]}}],"collection":[{"href":"https:\/\/timmtronics.de\/sv\/wp-json\/wp\/v2\/pages"}],"about":[{"href":"https:\/\/timmtronics.de\/sv\/wp-json\/wp\/v2\/types\/page"}],"author":[{"embeddable":true,"href":"https:\/\/timmtronics.de\/sv\/wp-json\/wp\/v2\/users\/1"}],"replies":[{"embeddable":true,"href":"https:\/\/timmtronics.de\/sv\/wp-json\/wp\/v2\/comments?post=2"}],"version-history":[{"count":30,"href":"https:\/\/timmtronics.de\/sv\/wp-json\/wp\/v2\/pages\/2\/revisions"}],"predecessor-version":[{"id":196,"href":"https:\/\/timmtronics.de\/sv\/wp-json\/wp\/v2\/pages\/2\/revisions\/196"}],"wp:attachment":[{"href":"https:\/\/timmtronics.de\/sv\/wp-json\/wp\/v2\/media?parent=2"}],"curies":[{"name":"wp","href":"https:\/\/api.w.org\/{rel}","templated":true}]}}