{"id":14,"date":"2019-04-21T12:42:01","date_gmt":"2019-04-21T10:42:01","guid":{"rendered":"http:\/\/maduka.berlin\/?page_id=14"},"modified":"2024-04-16T23:59:18","modified_gmt":"2024-04-16T21:59:18","slug":"sanyo-denki","status":"publish","type":"page","link":"https:\/\/timmtronics.de\/sv\/sanyo-denki\/","title":{"rendered":"Sanyo Denki"},"content":{"rendered":"<div class=\"wpb-content-wrapper\">[vc_row css_animation=&#8221;bottom-to-top&#8221; css=&#8221;.vc_custom_1555872876894{padding-top: 40px !important;padding-right: 40px !important;padding-bottom: 40px !important;padding-left: 40px !important;background-color: rgba(255,255,255,0.9) !important;*background-color: rgb(255,255,255) !important;}&#8221;][vc_column][vc_column_text]<strong><span class=\"groesse_13\">Timmtronics- specialister f\u00f6r Sanyo-Denki<\/span><\/strong><\/p>\n<p>\u00c4r maskinens driftsteknik fr\u00e5n <a href=\"https:\/\/www.sanyodenki.de\/sdg\/de\/products\/sanmotion\/products_sanmotion.html?tbl=sji\" target=\"_blank\" rel=\"noopener noreferrer\">Sanyo Denki<\/a>? D\u00e5 har du kommit r\u00e4tt. Timmtronics \u00e4r specialist f\u00f6r Sanyo Denki. Vi reparerar alla delar direkt i Tyskland och sparar genom det l\u00e5nga v\u00e4nte- och stillst\u00e5ndstider eller dyra utbyteskostnader om delarna m\u00e5ste skickas till Japan.<br \/>\nVi \u00e4r \u00e4ven er partner n\u00e4r det g\u00e4ller f\u00f6rs\u00e4ljning och r\u00e5dgivning kring <a href=\"https:\/\/www.sanyodenki.de\/sdg\/de\/products\/sanmotion\/products_sanmotion.html?tbl=sji\" target=\"_blank\" rel=\"noopener noreferrer\">Sanyo Denki`s<\/a> servoteknik.[\/vc_column_text][\/vc_column][\/vc_row]<\/div>\n","protected":false},"excerpt":{"rendered":"<p>[vc_row css_animation=&#8221;bottom-to-top&#8221; css=&#8221;.vc_custom_1555872876894{padding-top: 40px !important;padding-right: 40px !important;padding-bottom: 40px !important;padding-left: 40px !important;background-color: rgba(255,255,255,0.9) !important;*background-color: rgb(255,255,255) !important;}&#8221;][vc_column][vc_column_text]Timmtronics- specialister f\u00f6r Sanyo-Denki<br \/>\n\u00c4r maskinens driftsteknik fr\u00e5n Sanyo Denki? D\u00e5 har du kommit r\u00e4tt. Timmtronics \u00e4r specialist f\u00f6r Sanyo Denki. Vi reparerar alla delar direkt i Tyskland och sparar genom det l\u00e5nga v\u00e4nte- och stillst\u00e5ndstider eller dyra utbyteskostnader om delarna m\u00e5ste skickas till Japan.<br \/>\nVi \u00e4r \u00e4ven er partner n\u00e4r det g\u00e4ller f\u00f6rs\u00e4ljning och r\u00e5dgivning kring Sanyo Denki`s servoteknik.[\/vc_column_text][\/vc_column][\/vc_row]<\/p>\n","protected":false},"author":1,"featured_media":0,"parent":0,"menu_order":0,"comment_status":"closed","ping_status":"closed","template":"","meta":{"footnotes":""},"class_list":["post-14","page","type-page","status-publish","hentry"],"_links":{"self":[{"href":"https:\/\/timmtronics.de\/sv\/wp-json\/wp\/v2\/pages\/14","targetHints":{"allow":["GET"]}}],"collection":[{"href":"https:\/\/timmtronics.de\/sv\/wp-json\/wp\/v2\/pages"}],"about":[{"href":"https:\/\/timmtronics.de\/sv\/wp-json\/wp\/v2\/types\/page"}],"author":[{"embeddable":true,"href":"https:\/\/timmtronics.de\/sv\/wp-json\/wp\/v2\/users\/1"}],"replies":[{"embeddable":true,"href":"https:\/\/timmtronics.de\/sv\/wp-json\/wp\/v2\/comments?post=14"}],"version-history":[{"count":15,"href":"https:\/\/timmtronics.de\/sv\/wp-json\/wp\/v2\/pages\/14\/revisions"}],"predecessor-version":[{"id":197,"href":"https:\/\/timmtronics.de\/sv\/wp-json\/wp\/v2\/pages\/14\/revisions\/197"}],"wp:attachment":[{"href":"https:\/\/timmtronics.de\/sv\/wp-json\/wp\/v2\/media?parent=14"}],"curies":[{"name":"wp","href":"https:\/\/api.w.org\/{rel}","templated":true}]}}